{"id":3,"date":"2025-05-20T09:28:54","date_gmt":"2025-05-20T07:28:54","guid":{"rendered":"https:\/\/garland74.it\/?page_id=3"},"modified":"2025-05-20T12:27:43","modified_gmt":"2025-05-20T10:27:43","slug":"privacy-policy","status":"publish","type":"page","link":"https:\/\/garland74.it\/?page_id=3","title":{"rendered":"Privacy Policy"},"content":{"rendered":"<div class=\"wpb-content-wrapper\"><p>[vc_row][vc_column][vc_column_text css=&#8221;&#8221;]<\/p>\n<div style=\"text-align: justify;\">\n<h1>Privacy Policy<\/h1>\n<p><strong>INFORMATIVA SUL TRATTAMENTO DEI DATI PERSONALI PER DATI RACCOLTI PRESSO\u00a0<\/strong><strong>L\u2019INTERESSATO<br \/>\n<\/strong>ai sensi dell\u2019art. 13 del Regolamento (UE) 2016\/679 relativo alla protezione delle persone fisiche con riguardo al\u00a0trattamento dei dati personali<\/p>\n<ol>\n<li><strong>TITOLARE DEL TRATTAMENTO:<br \/>\nGARLAND SRL <\/strong>(nel seguito la \u201cSociet\u00e0\u201d o il \u201cTitolare\u201d), con sede legale in <strong>VIALE ROMA N. 2021 53025 PIANCASTAGNAIO (SI) Italia <\/strong>e P. IVA <strong>01152370522 <\/strong>, in qualit\u00e0 di titolare del trattamento, vi informa, ai sensi dell\u2019art. 13 del Regolamento Europeo 679\/2016 relativo alla protezione dei dati personali (\u201cGDPR\u201d), in merito al trattamento dei vostri dati personali che sar\u00e0 effettuato dallo scrivente.<\/li>\n<li><strong>SOGGETTI INTERESSATI:<br \/>\n<\/strong>Sono soggetti interessati i clienti ed i fornitori dell\u2019azienda, nelle persone dei titolari o dei legali rappresentanti e\/o amministratori e soci degli stessi. Alcuni dati trattati possono riferirsi anche a dipendenti e\/o operatori delle aziende clienti e fornitrici, tipicamente utilizzati per sole ragioni di contatto (rimangono escluse le finalit\u00e0 di marketing).<\/li>\n<li><strong>TIPOLOGIA DI DATI TRATTATI<br \/>\n<\/strong>La Societ\u00e0 \u00e8 titolare del trattamento dei dati personali comunicati dall\u2019Utente allo scrivente e comprendono:<br \/>\n<strong>Ragione Sociale\/Cognome e Nome, Codice Fiscale ed altri numeri di identificazione, Coordinate Bancarie, Indirizzo, Indirizzo E-Mail, PEC, Indirizzo, contatto telefonico, professione dichiarata, Dati relativi all\u2019attivit\u00e0 (a mero titolo di esempio ma non certo esaustivo codice attivit\u00e0, dati contabili e fiscali)<\/strong><\/li>\n<li><strong>FINALIT\u00c0 DEL TRATTAMENTO<br \/>\n<\/strong>Il trattamento dei Dati \u00e8 effettuato dalla Societ\u00e0 nello svolgimento delle sue attivit\u00e0. In particolare, i Dati forniti dagli Interessati saranno oggetto di trattamento, con strumenti informatici e non, per le seguenti finalit\u00e0:<br \/>\n<strong>Adempimento di obblighi fiscali e contabili<br \/>\n<\/strong>\u2022 Il criterio di liceit\u00e0 per il quale si rende possibile il trattamento \u00e8: Il trattamento \u00e8 necessario per adempiere un obbligo legale al quale \u00e8 soggetto il titolare del trattamento<br \/>\n\u2022 Il cui fondamento trova riscontro in una base giuridica: Norma Stato membro<br \/>\n<strong>Esigenze di tesoreria, disposizioni di incasso e pagamento<br \/>\n<\/strong>\u2022 Il criterio di liceit\u00e0 per il quale si rende possibile il trattamento \u00e8: Il trattamento \u00e8 necessario per il perseguimento del legittimo interesse del titolare del trattamento o di terzi<br \/>\n\u2022 Il cui fondamento trova riscontro in una base giuridica: Norma Unione<br \/>\n\u2022 Ulteriori note che possono descrivere la finalit\u00e0: IL LEGITTIMO INTERESSE DAL TITOLARE E\u2019 QUELLO DI AMMINISTRARE CORRETTAMENTE L\u2019AZIENDA IN ORDINE ALLA GESTIONE DEGLI INCASSI E DEI PAGAMENTI, NONCHE\u2019 DEL CONTENZIOSO PER INADEMPIMENTI CONTRATTUALI, DIFFIDE, TRANSAZIONI, CONTROVERSIE GIUDIZIARIE<br \/>\n<strong>Gestione dei fornitori e della clientela<br \/>\n<\/strong>\u2022 Il criterio di liceit\u00e0 per il quale si rende possibile il trattamento \u00e8: Il trattamento \u00e8 necessario per il perseguimento del legittimo interesse del titolare del trattamento o di terzi<br \/>\n\u2022 Il cui fondamento trova riscontro in una base giuridica: Norma Unione<br \/>\n\u2022 Ulteriori note che possono descrivere la finalit\u00e0: IL LEGITTIMO INTERESSE DEL TITOLARE DEL TRATTAMENTO E\u2019 QUELLO DI AMMINISTRARE CORRETTAMENTE L\u2019AZIENDA IN MATERIA DI GESTIONE DEI CLIENTI E DEI FORNITORI, FINALITA\u2019 DI CONTATTO, AMMINISTRAZIONE DEI CONTRATTI, ORDINI, SPEDIZIONI, ARRIVI, FATTURE ECC<\/li>\n<li><strong>MODALIT\u00c0 DEL TRATTAMENTO<br \/>\n<\/strong>I Dati saranno trattati dalla Societ\u00e0 con sistemi elettronici e manuali secondo i principi di correttezza, lealt\u00e0 e trasparenza previsti dalla normativa applicabile in materia di protezione dei dati personali e tutelando la riservatezza dell\u2019Interessato tramite misure di sicurezza tecniche e organizzative per garantire un livello di sicurezza adeguato.<\/li>\n<li><strong>CONSERVAZIONE DEI DATI<br \/>\n<\/strong>I Dati forniti dall\u2019Interessato saranno trattati per una durata:<br \/>\nData Inizio: <strong>DALLA DATA DI INSTAURAZIONE DEL RAPPORTO COMMERCIALE<br \/>\n<\/strong>Criterio durata: <strong>Criterio determinazione periodo<br \/>\n<\/strong>Descrizione criterio: <strong>L\u2019obbligo della conservazione \u00e8 condizionato dall\u2019esistenza di relazioni commerciali con il\u00a0cliente e dalle disposizioni in materia di conservazione dei dati contabili e fiscali. La persistenza dell\u2019informazione nel sistema \u00e8 a tempo indeterminato.<\/strong><\/li>\n<li><strong>COMUNICAZIONE, DIFFUSIONE E TRASFERIMENTO DEI DATI<br \/>\n<\/strong>I Dati saranno trattati, nei limiti di quanto necessario, dal personale autorizzato, adeguatamente istruito e formato, del Titolare nonch\u00e9 dal personale dei soggetti terzi che prestano servizi al Titolare ed effettuano trattamenti di Dati per conto e su istruzione di quest\u2019ultimo quali responsabili del trattamento.<br \/>\nIn caso di comunicazione a terzi i destinatari potranno essere:<br \/>\n<strong>vettori, spedizionieri, agenti, addetti all\u2019utilizzo del software, professionisti ai quali ci rivolgiamo per adempiere agli obblighi previsti, Enti locali, Banche e istituti di credito, Pubbliche amministrazioni, Consulenti e liberi professionisti in forma singola o associata, provider di posta elettronica e di posta elettronica certificata, tecnici e consulenti informatici, case software dei programmi gestionali<br \/>\n<\/strong>Pi\u00f9 in generale, nello svolgimento delle proprie attivit\u00e0 ordinarie aziendali i Dati potranno essere comunicati a soggetti che svolgono attivit\u00e0 di controllo, revisione e certificazione delle attivit\u00e0 poste in essere dal Titolare, consulenti e liberi professionisti nel contesto di servizi di assistenza fiscale, giudiziale e in caso di operazioni societarie per cui si renda necessario valutare gli asset aziendali, enti e amministrazioni pubbliche, nonch\u00e9 a soggetti legittimati per legge a ricevere tali informazioni, autorit\u00e0 giudiziarie italiane e straniere e altre pubbliche autorit\u00e0, per le finalit\u00e0 connesse all\u2019adempimento di obblighi legali, o per l\u2019espletamento delle obbligazioni assunte e scaturenti dalla relazione contrattuale, compreso per esigenza di difesa in giudizio. I dati di contatto potrebbero essere comunicati per esigenze del tutto occasionali a clienti e\/o fornitori del Titolare, ad esempio qualora debbano collaborare con tali soggetti ai fini della prestazione dei servizi.<br \/>\nQualora si rendesse necessario, assolvere alle finalit\u00e0 per le quali i dati sono raccolti, effettuando un loro trasferimento, ne verr\u00e0 data comunicazione da parte del titolare al trattamento.<\/li>\n<li><strong>PROCESSI DECISIONALI AUTOMATIZZATI \u2013 PROFILAZIONE<br \/>\n<\/strong>Il trattamento dei dati non comporta processi decisionali automatizzati n\u00e9 attivit\u00e0 di profilazione.<\/li>\n<li><strong>ULTERIORI SOGGETTI COLLEGATI AL TRATTAMENTO<br \/>\n<\/strong>Titolare\/i ed eventuale\/i rappresentante\/i in UE: <strong>non \u00e8 previsto un rappresentante in\u00a0UE per il titolare<br \/>\n<\/strong>Contitolare\/i: n<strong>on \u00e8 previsto un contitolare per il\/i trattamento\/i in oggetto<br \/>\n<\/strong>Dpo: <strong>non \u00e8 previsto la nomina di un DPO\/RDP per il\/i trattamento\/i in oggetto<\/strong><\/li>\n<li><strong>QUALI SONO I DIRITTI DELL\u2019INTERESSATO<br \/>\n<\/strong>L\u2019Interessato potr\u00e0 esercitare, in relazione al trattamento dei dati ivi descritto, i diritti previsti dal GDPR (artt. 15-21), ivi inclusi:<br \/>\nricevere conferma dell\u2019esistenza dei Dati e accedere al loro contenuto (diritti di accesso);<br \/>\naggiornare, modificare e\/o correggere i Dati (diritto di rettifica);<br \/>\nchiederne la cancellazione o la limitazione del trattamento dei Dati trattati in violazione di legge compresi quelli di cui non \u00e8 necessaria la conservazione in relazione agli scopi per i quali i Dati sono stati raccolti o altrimenti trattati (diritto all\u2019oblio e diritto alla limitazione);<br \/>\nopporsi al trattamento (diritto di opposizione);<br \/>\nproporre reclamo all\u2019Autorit\u00e0 di controllo (Garante per la protezione dei dati personali www.garanteprivacy.it) in caso di violazione della disciplina in materia di protezione dei dati personali;<br \/>\nricevere copia in formato elettronico dei Dati che lo riguardano come Interessato, quando tali Dati siano stati resi nel contesto del contratto e chiedere che tali Dati siano trasmessi ad un altro titolare del trattamento (diritto alla portabilit\u00e0 dei dati).<br \/>\nPer esercitare tali diritti l\u2019Interessato pu\u00f2 contattare il Titolare del trattamento inviando una comunicazione, a mezzo raccomandata A\/R, a: <strong>GARLAND SRL \u2013 Via Roma n. 2021 \u2013 53025 Piancastagnaio (SI)<br \/>\n<\/strong>Nel contattarci, l\u2019Interessato dovr\u00e0 accertarsi di includere il proprio nome, email\/indirizzo postale e\/o numero\/i di telefono per essere sicuro che la sua richiesta possa essere gestita correttamente.<br \/>\nL\u2019eventuale rifiuto di fornire i dati trattati metterebbe il titolare del trattamento nelle condizioni di non poter dare esecuzione o prosecuzione al Contratto di fornitura in quanto non potrebbe dar seguito agli obblighi di legge in materia di fiscale e contabile.<\/li>\n<\/ol>\n<p>Piancastagnaio, 25\/05\/2018<\/p>\n<\/div>\n<p>[\/vc_column_text][\/vc_column][\/vc_row][vc_row][vc_column][vc_column_text css=&#8221;&#8221;]<\/p>\n<h2>Policy Cookies<\/h2>\n<p>Il Sito utilizza:<br \/>\n\u2022 cookie tecnici che servono a effettuare la navigazione o a fornire un servizio richiesto dall\u2019utente. Non vengono utilizzati per scopi ulteriori, servono unicamente a potenziare l\u2019usabilit\u00e0 del sito internet dell\u2019Associazione;<br \/>\n\u2022 cookie analytics (con IP anonimizzato) per il monitoraggio delle visite al sito e migliorare il servizio reso agli utenti (Google Analytics);<br \/>\n\u2022 cookie di terze parti per la condivisione su alcuni tra i principali social network (Facebook , Twitter, YouTube), per la memorizzazione delle informazioni e delle preferenze di visualizzazione (Google Maps);<\/p>\n<p>Il sito\u00a0www.garland74.it non utilizza cookie di profilazione utilizzati per tracciare la navigazione dell\u2019utente in rete e creare profili sui suoi gusti, abitudini, scelte, ecc.<br \/>\nPer maggiori informazioni sulle logiche e le modalit\u00e0 di trattamento dei dati raccolti dai social network, gli utenti sono invitati a leggere le note informative sulla privacy fornite dai soggetti che forniscono i servizi in questione:<br \/>\n\u2022 Facebook:\u00a0<a href=\"http:\/\/www.facebook.com\/policy.php\" target=\"_blank\" rel=\"noopener noreferrer\">http:\/\/www.facebook.com\/policy.php<\/a><br \/>\n\u2022\u00a0 Twitter:\u00a0<a href=\"http:\/\/twitter.com\/privacy\" target=\"_blank\" rel=\"noopener noreferrer\">http:\/\/twitter.com\/privacy<\/a><br \/>\n\u2022 Google e YouTube:\u00a0<a href=\"https:\/\/www.google.it\/intl\/it\/policies\/privacy\/\" target=\"_blank\" rel=\"noopener noreferrer\">https:\/\/www.google.it\/intl\/it\/policies\/privacy\/<\/a>[\/vc_column_text][\/vc_column][\/vc_row]<\/p>\n<\/div>","protected":false},"excerpt":{"rendered":"<p>[vc_row][vc_column][vc_column_text css=&#8221;&#8221;] Privacy Policy INFORMATIVA SUL TRATTAMENTO DEI DATI PERSONALI PER DATI RACCOLTI PRESSO\u00a0L\u2019INTERESSATO ai sensi dell\u2019art. 13 del Regolamento (UE) 2016\/679 relativo alla protezione delle persone fisiche con riguardo al\u00a0trattamento dei dati personali TITOLARE DEL TRATTAMENTO: GARLAND SRL (nel seguito la \u201cSociet\u00e0\u201d o il \u201cTitolare\u201d), con sede legale in VIALE ROMA N. 2021 53025&hellip;<\/p>\n","protected":false},"author":1,"featured_media":0,"parent":0,"menu_order":0,"comment_status":"closed","ping_status":"open","template":"","meta":{"footnotes":""},"class_list":["post-3","page","type-page","status-publish","hentry","description-off"],"_links":{"self":[{"href":"https:\/\/garland74.it\/index.php?rest_route=\/wp\/v2\/pages\/3","targetHints":{"allow":["GET"]}}],"collection":[{"href":"https:\/\/garland74.it\/index.php?rest_route=\/wp\/v2\/pages"}],"about":[{"href":"https:\/\/garland74.it\/index.php?rest_route=\/wp\/v2\/types\/page"}],"author":[{"embeddable":true,"href":"https:\/\/garland74.it\/index.php?rest_route=\/wp\/v2\/users\/1"}],"replies":[{"embeddable":true,"href":"https:\/\/garland74.it\/index.php?rest_route=%2Fwp%2Fv2%2Fcomments&post=3"}],"version-history":[{"count":4,"href":"https:\/\/garland74.it\/index.php?rest_route=\/wp\/v2\/pages\/3\/revisions"}],"predecessor-version":[{"id":69,"href":"https:\/\/garland74.it\/index.php?rest_route=\/wp\/v2\/pages\/3\/revisions\/69"}],"wp:attachment":[{"href":"https:\/\/garland74.it\/index.php?rest_route=%2Fwp%2Fv2%2Fmedia&parent=3"}],"curies":[{"name":"wp","href":"https:\/\/api.w.org\/{rel}","templated":true}]}}